{"id":15950,"date":"2025-08-14T12:27:23","date_gmt":"2025-08-14T08:27:23","guid":{"rendered":"https:\/\/hafezproperties.com\/request-form-tr\/"},"modified":"2025-08-26T17:10:16","modified_gmt":"2025-08-26T13:10:16","slug":"request-form-tr","status":"publish","type":"page","link":"https:\/\/hafezproperties.com\/tr\/request-form-tr\/","title":{"rendered":"Request Form TR"},"content":{"rendered":"\t\t<div data-elementor-type=\"wp-page\" data-elementor-id=\"15950\" class=\"elementor elementor-15950 elementor-15731\" data-elementor-settings=\"{&quot;element_pack_global_tooltip_width&quot;:{&quot;unit&quot;:&quot;px&quot;,&quot;size&quot;:&quot;&quot;,&quot;sizes&quot;:[]},&quot;element_pack_global_tooltip_width_laptop&quot;:{&quot;unit&quot;:&quot;px&quot;,&quot;size&quot;:&quot;&quot;,&quot;sizes&quot;:[]},&quot;element_pack_global_tooltip_width_tablet&quot;:{&quot;unit&quot;:&quot;px&quot;,&quot;size&quot;:&quot;&quot;,&quot;sizes&quot;:[]},&quot;element_pack_global_tooltip_width_mobile&quot;:{&quot;unit&quot;:&quot;px&quot;,&quot;size&quot;:&quot;&quot;,&quot;sizes&quot;:[]},&quot;element_pack_global_tooltip_padding&quot;:{&quot;unit&quot;:&quot;px&quot;,&quot;top&quot;:&quot;&quot;,&quot;right&quot;:&quot;&quot;,&quot;bottom&quot;:&quot;&quot;,&quot;left&quot;:&quot;&quot;,&quot;isLinked&quot;:true},&quot;element_pack_global_tooltip_padding_laptop&quot;:{&quot;unit&quot;:&quot;px&quot;,&quot;top&quot;:&quot;&quot;,&quot;right&quot;:&quot;&quot;,&quot;bottom&quot;:&quot;&quot;,&quot;left&quot;:&quot;&quot;,&quot;isLinked&quot;:true},&quot;element_pack_global_tooltip_padding_tablet&quot;:{&quot;unit&quot;:&quot;px&quot;,&quot;top&quot;:&quot;&quot;,&quot;right&quot;:&quot;&quot;,&quot;bottom&quot;:&quot;&quot;,&quot;left&quot;:&quot;&quot;,&quot;isLinked&quot;:true},&quot;element_pack_global_tooltip_padding_mobile&quot;:{&quot;unit&quot;:&quot;px&quot;,&quot;top&quot;:&quot;&quot;,&quot;right&quot;:&quot;&quot;,&quot;bottom&quot;:&quot;&quot;,&quot;left&quot;:&quot;&quot;,&quot;isLinked&quot;:true},&quot;element_pack_global_tooltip_border_radius&quot;:{&quot;unit&quot;:&quot;px&quot;,&quot;top&quot;:&quot;&quot;,&quot;right&quot;:&quot;&quot;,&quot;bottom&quot;:&quot;&quot;,&quot;left&quot;:&quot;&quot;,&quot;isLinked&quot;:true},&quot;element_pack_global_tooltip_border_radius_laptop&quot;:{&quot;unit&quot;:&quot;px&quot;,&quot;top&quot;:&quot;&quot;,&quot;right&quot;:&quot;&quot;,&quot;bottom&quot;:&quot;&quot;,&quot;left&quot;:&quot;&quot;,&quot;isLinked&quot;:true},&quot;element_pack_global_tooltip_border_radius_tablet&quot;:{&quot;unit&quot;:&quot;px&quot;,&quot;top&quot;:&quot;&quot;,&quot;right&quot;:&quot;&quot;,&quot;bottom&quot;:&quot;&quot;,&quot;left&quot;:&quot;&quot;,&quot;isLinked&quot;:true},&quot;element_pack_global_tooltip_border_radius_mobile&quot;:{&quot;unit&quot;:&quot;px&quot;,&quot;top&quot;:&quot;&quot;,&quot;right&quot;:&quot;&quot;,&quot;bottom&quot;:&quot;&quot;,&quot;left&quot;:&quot;&quot;,&quot;isLinked&quot;:true}}\" data-elementor-post-type=\"page\">\n\t\t\t\t\t\t<section class=\"elementor-section elementor-top-section elementor-element elementor-element-8ca35ea elementor-section-height-min-height elementor-section-boxed elementor-section-height-default elementor-section-items-middle\" data-id=\"8ca35ea\" data-element_type=\"section\" data-settings=\"{&quot;background_background&quot;:&quot;classic&quot;}\">\n\t\t\t\t\t\t\t<div class=\"elementor-background-overlay\"><\/div>\n\t\t\t\t\t\t\t<div class=\"elementor-container elementor-column-gap-default\">\n\t\t\t\t\t<div class=\"elementor-column elementor-col-100 elementor-top-column elementor-element elementor-element-c69b300\" data-id=\"c69b300\" data-element_type=\"column\">\n\t\t\t<div class=\"elementor-widget-wrap elementor-element-populated\">\n\t\t\t\t\t\t<div class=\"elementor-element elementor-element-521a202 elementor-widget elementor-widget-heading\" data-id=\"521a202\" data-element_type=\"widget\" data-widget_type=\"heading.default\">\n\t\t\t\t<div class=\"elementor-widget-container\">\n\t\t\t\t\t<h2 class=\"elementor-heading-title elementor-size-default\">\u00c7a\u011fr\u0131 iste\u011fi<\/h2>\t\t\t\t<\/div>\n\t\t\t\t<\/div>\n\t\t\t\t\t<\/div>\n\t\t<\/div>\n\t\t\t\t\t<\/div>\n\t\t<\/section>\n\t\t\t\t<section class=\"elementor-section elementor-top-section elementor-element elementor-element-a2d2b0b elementor-section-boxed elementor-section-height-default elementor-section-height-default\" data-id=\"a2d2b0b\" data-element_type=\"section\">\n\t\t\t\t\t\t<div class=\"elementor-container elementor-column-gap-default\">\n\t\t\t\t\t<div class=\"elementor-column elementor-col-100 elementor-top-column elementor-element elementor-element-4fff6de\" data-id=\"4fff6de\" data-element_type=\"column\">\n\t\t\t<div class=\"elementor-widget-wrap elementor-element-populated\">\n\t\t\t\t\t\t<div class=\"elementor-element elementor-element-46fc658 elementor-widget elementor-widget-text-editor\" data-id=\"46fc658\" data-element_type=\"widget\" data-widget_type=\"text-editor.default\">\n\t\t\t\t<div class=\"elementor-widget-container\">\n\t\t\t\t\t\t\t\t\t<p>T\u00fcrkiye, Dubai veya Kuzey K\u0131br\u0131s\u2019ta gayrimenkul sat\u0131n almak, satmak veya kiralamak ile ilgileniyorsan\u0131z, l\u00fctfen a\u015fa\u011f\u0131daki formu doldurup g\u00f6nderiniz.<br \/>Gayrimenkul uzmanlar\u0131m\u0131z talebinizi inceleyecek ve ihtiya\u00e7lar\u0131n\u0131za \u00f6zel profesyonel destek sunmak \u00fczere en k\u0131sa s\u00fcrede sizinle ileti\u015fime ge\u00e7ecektir.<\/p>\n\t\t\t\t\t\t\t\t<\/div>\n\t\t\t\t<\/div>\n\t\t\t\t<section class=\"elementor-section elementor-inner-section elementor-element elementor-element-34d3291 elementor-section-boxed elementor-section-height-default elementor-section-height-default\" data-id=\"34d3291\" data-element_type=\"section\">\n\t\t\t\t\t\t<div class=\"elementor-container elementor-column-gap-default\">\n\t\t\t\t\t<div class=\"elementor-column elementor-col-100 elementor-inner-column elementor-element elementor-element-884d6ec\" data-id=\"884d6ec\" data-element_type=\"column\">\n\t\t\t<div class=\"elementor-widget-wrap elementor-element-populated\">\n\t\t\t\t\t\t<div class=\"elementor-element elementor-element-0b31846 elementor-button-align-stretch elementor-widget elementor-widget-form\" data-id=\"0b31846\" data-element_type=\"widget\" data-settings=\"{&quot;step_next_label&quot;:&quot;Sonraki&quot;,&quot;step_previous_label&quot;:&quot;\\u00d6ncesi&quot;,&quot;button_width&quot;:&quot;100&quot;,&quot;step_type&quot;:&quot;number_text&quot;,&quot;step_icon_shape&quot;:&quot;circle&quot;}\" data-widget_type=\"form.default\">\n\t\t\t\t<div class=\"elementor-widget-container\">\n\t\t\t\t\t\t\t<form class=\"elementor-form\" method=\"post\" name=\"Yeni Form\" aria-label=\"Yeni Form\">\n\t\t\t<input type=\"hidden\" name=\"post_id\" value=\"15950\"\/>\n\t\t\t<input type=\"hidden\" name=\"form_id\" value=\"0b31846\"\/>\n\t\t\t<input type=\"hidden\" name=\"referer_title\" value=\"Buy, Rent, or Sell Property in Dubai, UAE with Hafez Taplux Group\" \/>\n\n\t\t\t\n\t\t\t<div class=\"elementor-form-fields-wrapper elementor-labels-\">\n\t\t\t\t\t\t\t\t<div class=\"elementor-field-type-text elementor-field-group elementor-column elementor-field-group-name elementor-col-50 elementor-field-required\">\n\t\t\t\t\t\t\t\t\t\t\t\t\t<input size=\"1\" type=\"text\" name=\"form_fields[name]\" id=\"form-field-name\" class=\"elementor-field elementor-size-sm  elementor-field-textual\" placeholder=\"Ad Soyad*\" required=\"required\">\n\t\t\t\t\t\t\t\t\t\t\t<\/div>\n\t\t\t\t\t\t\t\t<div class=\"elementor-field-type-tel elementor-field-group elementor-column elementor-field-group-number elementor-col-50 elementor-field-required\">\n\t\t\t\t\t\t\t<input size=\"1\" type=\"tel\" name=\"form_fields[number]\" id=\"form-field-number\" class=\"elementor-field elementor-size-sm  elementor-field-textual\" placeholder=\"\u0130leti\u015fim Numaras\u0131*\" required=\"required\" pattern=\"[0-9()#&amp;+*-=.]+\" title=\"Only numbers and phone characters (#, -, *, etc) are accepted.\">\n\n\t\t\t\t\t\t<\/div>\n\t\t\t\t\t\t\t\t<div class=\"elementor-field-type-select elementor-field-group elementor-column elementor-field-group-field_96465fd elementor-col-50 elementor-field-required\">\n\t\t\t\t\t\t\t<div class=\"elementor-field elementor-select-wrapper remove-before \">\n\t\t\t<div class=\"select-caret-down-wrapper\">\n\t\t\t\t<svg aria-hidden=\"true\" class=\"e-font-icon-svg e-eicon-caret-down\" viewBox=\"0 0 571.4 571.4\" xmlns=\"http:\/\/www.w3.org\/2000\/svg\"><path d=\"M571 393Q571 407 561 418L311 668Q300 679 286 679T261 668L11 418Q0 407 0 393T11 368 36 357H536Q550 357 561 368T571 393Z\"><\/path><\/svg>\t\t\t<\/div>\n\t\t\t<select name=\"form_fields[field_96465fd]\" id=\"form-field-field_96465fd\" class=\"elementor-field-textual elementor-size-sm\" required=\"required\">\n\t\t\t\t\t\t\t\t\t<option value=\"Sorgulaman\u0131n Amac\u0131..\">Sorgulaman\u0131n Amac\u0131..<\/option>\n\t\t\t\t\t\t\t\t\t<option value=\"Al\u0131\u015f\">Al\u0131\u015f<\/option>\n\t\t\t\t\t\t\t\t\t<option value=\"Sat\u0131\u015f\">Sat\u0131\u015f<\/option>\n\t\t\t\t\t\t\t\t\t<option value=\"Kiral\u0131k\">Kiral\u0131k<\/option>\n\t\t\t\t\t\t\t<\/select>\n\t\t<\/div>\n\t\t\t\t\t\t<\/div>\n\t\t\t\t\t\t\t\t<div class=\"elementor-field-type-select elementor-field-group elementor-column elementor-field-group-lookingfor elementor-col-50 elementor-field-required\">\n\t\t\t\t\t\t\t<div class=\"elementor-field elementor-select-wrapper remove-before \">\n\t\t\t<div class=\"select-caret-down-wrapper\">\n\t\t\t\t<svg aria-hidden=\"true\" class=\"e-font-icon-svg e-eicon-caret-down\" viewBox=\"0 0 571.4 571.4\" xmlns=\"http:\/\/www.w3.org\/2000\/svg\"><path d=\"M571 393Q571 407 561 418L311 668Q300 679 286 679T261 668L11 418Q0 407 0 393T11 368 36 357H536Q550 357 561 368T571 393Z\"><\/path><\/svg>\t\t\t<\/div>\n\t\t\t<select name=\"form_fields[lookingfor]\" id=\"form-field-lookingfor\" class=\"elementor-field-textual elementor-size-sm\" required=\"required\">\n\t\t\t\t\t\t\t\t\t<option value=\"Tercihiniz nedir?\">Tercihiniz nedir?<\/option>\n\t\t\t\t\t\t\t\t\t<option value=\"Plan D\u0131\u015f\u0131\">Plan D\u0131\u015f\u0131<\/option>\n\t\t\t\t\t\t\t\t\t<option value=\"Ta\u015f\u0131nmaya haz\u0131r\">Ta\u015f\u0131nmaya haz\u0131r<\/option>\n\t\t\t\t\t\t\t<\/select>\n\t\t<\/div>\n\t\t\t\t\t\t<\/div>\n\t\t\t\t\t\t\t\t<div class=\"elementor-field-type-select elementor-field-group elementor-column elementor-field-group-field_5ffa95c elementor-col-50 elementor-field-required\">\n\t\t\t\t\t\t\t<div class=\"elementor-field elementor-select-wrapper remove-before \">\n\t\t\t<div class=\"select-caret-down-wrapper\">\n\t\t\t\t<svg aria-hidden=\"true\" class=\"e-font-icon-svg e-eicon-caret-down\" viewBox=\"0 0 571.4 571.4\" xmlns=\"http:\/\/www.w3.org\/2000\/svg\"><path d=\"M571 393Q571 407 561 418L311 668Q300 679 286 679T261 668L11 418Q0 407 0 393T11 368 36 357H536Q550 357 561 368T571 393Z\"><\/path><\/svg>\t\t\t<\/div>\n\t\t\t<select name=\"form_fields[field_5ffa95c]\" id=\"form-field-field_5ffa95c\" class=\"elementor-field-textual elementor-size-sm\" required=\"required\">\n\t\t\t\t\t\t\t\t\t<option value=\"Gayrimenkule yat\u0131r\u0131m yapmay\u0131 m\u0131 d\u00fc\u015f\u00fcn\u00fcyorsunuz?*\">Gayrimenkule yat\u0131r\u0131m yapmay\u0131 m\u0131 d\u00fc\u015f\u00fcn\u00fcyorsunuz?*<\/option>\n\t\t\t\t\t\t\t\t\t<option value=\"Kullan\u0131c\u0131\">Kullan\u0131c\u0131<\/option>\n\t\t\t\t\t\t\t\t\t<option value=\"Yat\u0131r\u0131mc\u0131\">Yat\u0131r\u0131mc\u0131<\/option>\n\t\t\t\t\t\t\t<\/select>\n\t\t<\/div>\n\t\t\t\t\t\t<\/div>\n\t\t\t\t\t\t\t\t<div class=\"elementor-field-type-select elementor-field-group elementor-column elementor-field-group-field_d61c436 elementor-col-50 elementor-field-required\">\n\t\t\t\t\t\t\t<div class=\"elementor-field elementor-select-wrapper remove-before \">\n\t\t\t<div class=\"select-caret-down-wrapper\">\n\t\t\t\t<svg aria-hidden=\"true\" class=\"e-font-icon-svg e-eicon-caret-down\" viewBox=\"0 0 571.4 571.4\" xmlns=\"http:\/\/www.w3.org\/2000\/svg\"><path d=\"M571 393Q571 407 561 418L311 668Q300 679 286 679T261 668L11 418Q0 407 0 393T11 368 36 357H536Q550 357 561 368T571 393Z\"><\/path><\/svg>\t\t\t<\/div>\n\t\t\t<select name=\"form_fields[field_d61c436]\" id=\"form-field-field_d61c436\" class=\"elementor-field-textual elementor-size-sm\" required=\"required\">\n\t\t\t\t\t\t\t\t\t<option value=\"L\u00fctfen yatak odas\u0131 tercihinizi se\u00e7in.*\">L\u00fctfen yatak odas\u0131 tercihinizi se\u00e7in.*<\/option>\n\t\t\t\t\t\t\t\t\t<option value=\"St\u00fcdyo\">St\u00fcdyo<\/option>\n\t\t\t\t\t\t\t\t\t<option value=\"1+1\">1+1<\/option>\n\t\t\t\t\t\t\t\t\t<option value=\"2+1\">2+1<\/option>\n\t\t\t\t\t\t\t\t\t<option value=\"3+1 veya Daha Fazla\">3+1 veya Daha Fazla<\/option>\n\t\t\t\t\t\t\t\t\t<option value=\"Villalar\">Villalar<\/option>\n\t\t\t\t\t\t\t<\/select>\n\t\t<\/div>\n\t\t\t\t\t\t<\/div>\n\t\t\t\t\t\t\t\t<div class=\"elementor-field-type-select elementor-field-group elementor-column elementor-field-group-field_2776737 elementor-col-100 elementor-field-required\">\n\t\t\t\t\t\t\t<div class=\"elementor-field elementor-select-wrapper remove-before \">\n\t\t\t<div class=\"select-caret-down-wrapper\">\n\t\t\t\t<svg aria-hidden=\"true\" class=\"e-font-icon-svg e-eicon-caret-down\" viewBox=\"0 0 571.4 571.4\" xmlns=\"http:\/\/www.w3.org\/2000\/svg\"><path d=\"M571 393Q571 407 561 418L311 668Q300 679 286 679T261 668L11 418Q0 407 0 393T11 368 36 357H536Q550 357 561 368T571 393Z\"><\/path><\/svg>\t\t\t<\/div>\n\t\t\t<select name=\"form_fields[field_2776737]\" id=\"form-field-field_2776737\" class=\"elementor-field-textual elementor-size-sm\" required=\"required\">\n\t\t\t\t\t\t\t\t\t<option value=\"B\u00fct\u00e7eniz ne kadar?*\">B\u00fct\u00e7eniz ne kadar?*<\/option>\n\t\t\t\t\t\t\t\t\t<option value=\"550.000 AED - 1.000.000 AED\">550.000 AED - 1.000.000 AED<\/option>\n\t\t\t\t\t\t\t\t\t<option value=\"1.000.000 AED - 2.000.000 AED\">1.000.000 AED - 2.000.000 AED<\/option>\n\t\t\t\t\t\t\t\t\t<option value=\"2.000.000 AED - 3.000.000 AED\">2.000.000 AED - 3.000.000 AED<\/option>\n\t\t\t\t\t\t\t\t\t<option value=\"3.000.000 AED - 5.000.000 AED\">3.000.000 AED - 5.000.000 AED<\/option>\n\t\t\t\t\t\t\t\t\t<option value=\"5.000.000 AED&#039;nin \u00fczerinde\">5.000.000 AED&#039;nin \u00fczerinde<\/option>\n\t\t\t\t\t\t\t<\/select>\n\t\t<\/div>\n\t\t\t\t\t\t<\/div>\n\t\t\t\t\t\t\t\t<div class=\"elementor-field-type-textarea elementor-field-group elementor-column elementor-field-group-field_6c24ed1 elementor-col-100 elementor-field-required\">\n\t\t\t\t\t<textarea class=\"elementor-field-textual elementor-field  elementor-size-sm\" name=\"form_fields[field_6c24ed1]\" id=\"form-field-field_6c24ed1\" rows=\"4\" placeholder=\"A\u00e7\u0131klama\" required=\"required\"><\/textarea>\t\t\t\t<\/div>\n\t\t\t\t\t\t\t\t<div class=\"elementor-field-group elementor-column elementor-field-type-submit elementor-col-100 e-form__buttons\">\n\t\t\t\t\t<button class=\"elementor-button elementor-size-sm\" type=\"submit\">\n\t\t\t\t\t\t<span class=\"elementor-button-content-wrapper\">\n\t\t\t\t\t\t\t\t\t\t\t\t\t\t\t\t\t\t\t\t\t\t<span class=\"elementor-button-text\">G\u00f6nder<\/span>\n\t\t\t\t\t\t\t\t\t\t\t\t\t<\/span>\n\t\t\t\t\t<\/button>\n\t\t\t\t<\/div>\n\t\t\t<\/div>\n\t\t<\/form>\n\t\t\t\t\t\t<\/div>\n\t\t\t\t<\/div>\n\t\t\t\t\t<\/div>\n\t\t<\/div>\n\t\t\t\t\t<\/div>\n\t\t<\/section>\n\t\t\t\t\t<\/div>\n\t\t<\/div>\n\t\t\t\t\t<\/div>\n\t\t<\/section>\n\t\t\t\t<\/div>\n\t\t","protected":false},"excerpt":{"rendered":"<p>\u00c7a\u011fr\u0131 iste\u011fi T\u00fcrkiye, Dubai veya Kuzey K\u0131br\u0131s\u2019ta gayrimenkul sat\u0131n almak, satmak veya kiralamak ile ilgileniyorsan\u0131z, l\u00fctfen a\u015fa\u011f\u0131daki formu doldurup g\u00f6nderiniz.Gayrimenkul uzmanlar\u0131m\u0131z talebinizi inceleyecek ve ihtiya\u00e7lar\u0131n\u0131za \u00f6zel profesyonel destek sunmak \u00fczere en k\u0131sa s\u00fcrede sizinle ileti\u015fime ge\u00e7ecektir.<\/p>\n","protected":false},"author":1,"featured_media":0,"parent":0,"menu_order":0,"comment_status":"closed","ping_status":"closed","template":"","meta":{"footnotes":""},"class_list":["post-15950","page","type-page","status-publish","hentry"],"yoast_head":"<!-- This site is optimized with the Yoast SEO Premium plugin v25.8 (Yoast SEO v26.5) - https:\/\/yoast.com\/wordpress\/plugins\/seo\/ -->\n<title>Request Form TR - Buy, Rent, or Sell Property in Dubai, UAE with Hafez Taplux Group<\/title>\n<meta name=\"robots\" content=\"index, follow, max-snippet:-1, max-image-preview:large, max-video-preview:-1\" \/>\n<link rel=\"canonical\" href=\"https:\/\/hafezproperties.com\/request-form\/\" \/>\n<meta property=\"og:locale\" content=\"tr_TR\" \/>\n<meta property=\"og:type\" content=\"article\" \/>\n<meta property=\"og:title\" content=\"Request Form TR\" \/>\n<meta property=\"og:description\" content=\"\u00c7a\u011fr\u0131 iste\u011fi T\u00fcrkiye, Dubai veya Kuzey K\u0131br\u0131s\u2019ta gayrimenkul sat\u0131n almak, satmak veya kiralamak ile ilgileniyorsan\u0131z, l\u00fctfen a\u015fa\u011f\u0131daki formu doldurup g\u00f6nderiniz.Gayrimenkul uzmanlar\u0131m\u0131z talebinizi inceleyecek ve ihtiya\u00e7lar\u0131n\u0131za \u00f6zel profesyonel destek sunmak \u00fczere en k\u0131sa s\u00fcrede sizinle ileti\u015fime ge\u00e7ecektir.\" \/>\n<meta property=\"og:url\" content=\"https:\/\/hafezproperties.com\/request-form\/\" \/>\n<meta property=\"og:site_name\" content=\"Buy, Rent, or Sell Property in Dubai, UAE with Hafez Taplux Group\" \/>\n<meta property=\"article:modified_time\" content=\"2025-08-26T13:10:16+00:00\" \/>\n<meta property=\"og:image\" content=\"https:\/\/hafezproperties.com\/wp-content\/uploads\/2025\/09\/Hafez-Properties-01.webp\" \/>\n\t<meta property=\"og:image:width\" content=\"1200\" \/>\n\t<meta property=\"og:image:height\" content=\"675\" \/>\n\t<meta property=\"og:image:type\" content=\"image\/webp\" \/>\n<meta name=\"twitter:card\" content=\"summary_large_image\" \/>\n<script type=\"application\/ld+json\" class=\"yoast-schema-graph\">{\"@context\":\"https:\/\/schema.org\",\"@graph\":[{\"@type\":\"WebPage\",\"@id\":\"https:\/\/hafezproperties.com\/request-form\/\",\"url\":\"https:\/\/hafezproperties.com\/request-form\/\",\"name\":\"Request Form TR - Buy, Rent, or Sell Property in Dubai, UAE with Hafez Taplux Group\",\"isPartOf\":{\"@id\":\"https:\/\/hafezproperties.com\/#website\"},\"datePublished\":\"2025-08-14T08:27:23+00:00\",\"dateModified\":\"2025-08-26T13:10:16+00:00\",\"breadcrumb\":{\"@id\":\"https:\/\/hafezproperties.com\/request-form\/#breadcrumb\"},\"inLanguage\":\"tr\",\"potentialAction\":[{\"@type\":\"ReadAction\",\"target\":[\"https:\/\/hafezproperties.com\/request-form\/\"]}]},{\"@type\":\"BreadcrumbList\",\"@id\":\"https:\/\/hafezproperties.com\/request-form\/#breadcrumb\",\"itemListElement\":[{\"@type\":\"ListItem\",\"position\":1,\"name\":\"Home\",\"item\":\"https:\/\/hafezproperties.com\/\"},{\"@type\":\"ListItem\",\"position\":2,\"name\":\"Request Form TR\"}]},{\"@type\":\"WebSite\",\"@id\":\"https:\/\/hafezproperties.com\/#website\",\"url\":\"https:\/\/hafezproperties.com\/\",\"name\":\"Buy, Rent, or Sell Property in Dubai, UAE with Hafez Taplux Group\",\"description\":\"Buy, Sell &amp; Rent Properties, Dubai Real Estate Experts, Find Premium Properties for Sale &amp; Rent in Dubai\",\"publisher\":{\"@id\":\"https:\/\/hafezproperties.com\/#organization\"},\"alternateName\":\"Hafez Taplux Group\",\"potentialAction\":[{\"@type\":\"SearchAction\",\"target\":{\"@type\":\"EntryPoint\",\"urlTemplate\":\"https:\/\/hafezproperties.com\/?s={search_term_string}\"},\"query-input\":{\"@type\":\"PropertyValueSpecification\",\"valueRequired\":true,\"valueName\":\"search_term_string\"}}],\"inLanguage\":\"tr\"},{\"@type\":\"Organization\",\"@id\":\"https:\/\/hafezproperties.com\/#organization\",\"name\":\"Buy, Rent, or Sell Property in Dubai, UAE with Hafez Taplux Group\",\"url\":\"https:\/\/hafezproperties.com\/\",\"logo\":{\"@type\":\"ImageObject\",\"inLanguage\":\"tr\",\"@id\":\"https:\/\/hafezproperties.com\/#\/schema\/logo\/image\/\",\"url\":\"https:\/\/hafezproperties.com\/wp-content\/uploads\/2025\/06\/Logo-Asli-scaled.png\",\"contentUrl\":\"https:\/\/hafezproperties.com\/wp-content\/uploads\/2025\/06\/Logo-Asli-scaled.png\",\"width\":2560,\"height\":772,\"caption\":\"Buy, Rent, or Sell Property in Dubai, UAE with Hafez Taplux Group\"},\"image\":{\"@id\":\"https:\/\/hafezproperties.com\/#\/schema\/logo\/image\/\"}}]}<\/script>\n<!-- \/ Yoast SEO Premium plugin. -->","yoast_head_json":{"title":"Request Form TR - Buy, Rent, or Sell Property in Dubai, UAE with Hafez Taplux Group","robots":{"index":"index","follow":"follow","max-snippet":"max-snippet:-1","max-image-preview":"max-image-preview:large","max-video-preview":"max-video-preview:-1"},"canonical":"https:\/\/hafezproperties.com\/request-form\/","og_locale":"tr_TR","og_type":"article","og_title":"Request Form TR","og_description":"\u00c7a\u011fr\u0131 iste\u011fi T\u00fcrkiye, Dubai veya Kuzey K\u0131br\u0131s\u2019ta gayrimenkul sat\u0131n almak, satmak veya kiralamak ile ilgileniyorsan\u0131z, l\u00fctfen a\u015fa\u011f\u0131daki formu doldurup g\u00f6nderiniz.Gayrimenkul uzmanlar\u0131m\u0131z talebinizi inceleyecek ve ihtiya\u00e7lar\u0131n\u0131za \u00f6zel profesyonel destek sunmak \u00fczere en k\u0131sa s\u00fcrede sizinle ileti\u015fime ge\u00e7ecektir.","og_url":"https:\/\/hafezproperties.com\/request-form\/","og_site_name":"Buy, Rent, or Sell Property in Dubai, UAE with Hafez Taplux Group","article_modified_time":"2025-08-26T13:10:16+00:00","og_image":[{"width":1200,"height":675,"url":"https:\/\/hafezproperties.com\/wp-content\/uploads\/2025\/09\/Hafez-Properties-01.webp","type":"image\/webp"}],"twitter_card":"summary_large_image","schema":{"@context":"https:\/\/schema.org","@graph":[{"@type":"WebPage","@id":"https:\/\/hafezproperties.com\/request-form\/","url":"https:\/\/hafezproperties.com\/request-form\/","name":"Request Form TR - Buy, Rent, or Sell Property in Dubai, UAE with Hafez Taplux Group","isPartOf":{"@id":"https:\/\/hafezproperties.com\/#website"},"datePublished":"2025-08-14T08:27:23+00:00","dateModified":"2025-08-26T13:10:16+00:00","breadcrumb":{"@id":"https:\/\/hafezproperties.com\/request-form\/#breadcrumb"},"inLanguage":"tr","potentialAction":[{"@type":"ReadAction","target":["https:\/\/hafezproperties.com\/request-form\/"]}]},{"@type":"BreadcrumbList","@id":"https:\/\/hafezproperties.com\/request-form\/#breadcrumb","itemListElement":[{"@type":"ListItem","position":1,"name":"Home","item":"https:\/\/hafezproperties.com\/"},{"@type":"ListItem","position":2,"name":"Request Form TR"}]},{"@type":"WebSite","@id":"https:\/\/hafezproperties.com\/#website","url":"https:\/\/hafezproperties.com\/","name":"Buy, Rent, or Sell Property in Dubai, UAE with Hafez Taplux Group","description":"Buy, Sell &amp; Rent Properties, Dubai Real Estate Experts, Find Premium Properties for Sale &amp; Rent in Dubai","publisher":{"@id":"https:\/\/hafezproperties.com\/#organization"},"alternateName":"Hafez Taplux Group","potentialAction":[{"@type":"SearchAction","target":{"@type":"EntryPoint","urlTemplate":"https:\/\/hafezproperties.com\/?s={search_term_string}"},"query-input":{"@type":"PropertyValueSpecification","valueRequired":true,"valueName":"search_term_string"}}],"inLanguage":"tr"},{"@type":"Organization","@id":"https:\/\/hafezproperties.com\/#organization","name":"Buy, Rent, or Sell Property in Dubai, UAE with Hafez Taplux Group","url":"https:\/\/hafezproperties.com\/","logo":{"@type":"ImageObject","inLanguage":"tr","@id":"https:\/\/hafezproperties.com\/#\/schema\/logo\/image\/","url":"https:\/\/hafezproperties.com\/wp-content\/uploads\/2025\/06\/Logo-Asli-scaled.png","contentUrl":"https:\/\/hafezproperties.com\/wp-content\/uploads\/2025\/06\/Logo-Asli-scaled.png","width":2560,"height":772,"caption":"Buy, Rent, or Sell Property in Dubai, UAE with Hafez Taplux Group"},"image":{"@id":"https:\/\/hafezproperties.com\/#\/schema\/logo\/image\/"}}]}},"_links":{"self":[{"href":"https:\/\/hafezproperties.com\/tr\/wp-json\/wp\/v2\/pages\/15950","targetHints":{"allow":["GET"]}}],"collection":[{"href":"https:\/\/hafezproperties.com\/tr\/wp-json\/wp\/v2\/pages"}],"about":[{"href":"https:\/\/hafezproperties.com\/tr\/wp-json\/wp\/v2\/types\/page"}],"author":[{"embeddable":true,"href":"https:\/\/hafezproperties.com\/tr\/wp-json\/wp\/v2\/users\/1"}],"replies":[{"embeddable":true,"href":"https:\/\/hafezproperties.com\/tr\/wp-json\/wp\/v2\/comments?post=15950"}],"version-history":[{"count":0,"href":"https:\/\/hafezproperties.com\/tr\/wp-json\/wp\/v2\/pages\/15950\/revisions"}],"wp:attachment":[{"href":"https:\/\/hafezproperties.com\/tr\/wp-json\/wp\/v2\/media?parent=15950"}],"curies":[{"name":"wp","href":"https:\/\/api.w.org\/{rel}","templated":true}]}}